{"id":39,"date":"2022-02-23T10:16:35","date_gmt":"2022-02-23T10:16:35","guid":{"rendered":"https:\/\/www.shalom-chor-berlin.de\/en\/?page_id=39"},"modified":"2025-04-24T19:03:02","modified_gmt":"2025-04-24T19:03:02","slug":"concerts","status":"publish","type":"page","link":"https:\/\/www.shalom-chor-berlin.de\/en\/concerts\/","title":{"rendered":"Concerts"},"content":{"rendered":"\n<ul class=\"wp-block-list\">\n<li>15 June, 17 h \u2013 Apostel-Paulus-Kirche, Grunewaldstra\u00dfe 77a, 10823 Berlin<\/li>\n<\/ul>\n\n\n\n<h5 class=\"wp-block-heading\">Archive<\/h5>\n\n\n\n<h6 class=\"wp-block-heading\">2024<\/h6>\n\n\n\n<ul class=\"wp-block-list\">\n<li>17 November \u2013 Concert at the Jewish Community Berlin, Fasanenstra\u00dfe<\/li>\n\n\n\n<li>10 November \u2013 Concert with Israeli choirs, St.-Lukas-Kirche Kreuzberg, 20 Uhr<\/li>\n\n\n\n<li>20 October \u2013 \u201cIsrael Sunday\u201d service at the church of the Steglitz Baptist Congregation<\/li>\n\n\n\n<li>13 Juli \u2013 St. Nicolaikirche, Havelstr. 28, 16515 Oranienburg<\/li>\n\n\n\n<li>9 Juni&nbsp;\u2013 Anniversary concert Steglitz Baptist Congregation,&nbsp;17 Uhr<\/li>\n\n\n\n<li>5 May&nbsp;\u2013 Concert at the Sch\u00f6neberg neighbourhood community centre<\/li>\n\n\n\n<li>7 April \u2013 L\u00fcbars<\/li>\n<\/ul>\n\n\n\n<h6 class=\"wp-block-heading\">2023<\/h6>\n\n\n\n<ul class=\"wp-block-list\">\n<li>12 November \u2013 \u201cIsrael Sunday\u201d service at the church of the Steglitz Baptist Congregation<\/li>\n\n\n\n<li>29 October \u2013 Concert at the Jewish Community Berlin, Fasanenstra\u00dfe<\/li>\n\n\n\n<li>21 May \u2013 Concert at the Sch\u00f6neberg neighbourhood community centre together with \u201cThe Three Cantors\u201d<\/li>\n\n\n\n<li>22 January \u2013 \u201cIsrael Sunday\u201d service at the Steglitz Baptist Congregation<\/li>\n<\/ul>\n\n\n\n<h6 class=\"wp-block-heading\">2022<\/h6>\n\n\n\n<ul class=\"wp-block-list\">\n<li>4 December \u2013 Falkensee-Falkenhagen Church<\/li>\n\n\n\n<li>2 October \u2013 As part of the cinema film \u201cUnsere Herzen, ein Klang\u201d, we sang a canon with the cinema audience at the Cineplex Titania cinema.<\/li>\n\n\n\n<li>22 May \u2013 Concert at the Sch\u00f6neberg neighbourhood community centre together with \u201cThe Three Cantors\u201d<\/li>\n<\/ul>\n\n\n\n<h6 class=\"wp-block-heading\">2021<\/h6>\n\n\n\n<ul class=\"wp-block-list\">\n<li>31 October \u2013 \u201cIsrael Sunday\u201d service at the Steglitz Baptist Congregation<\/li>\n\n\n\n<li>8 August \u2013 \u201cIsrael service\u201d in Hellersdorf<\/li>\n<\/ul>\n\n\n\n<h6 class=\"wp-block-heading\">2020<\/h6>\n\n\n\n<ul class=\"wp-block-list\">\n<li>16 February \u2013 \u201cTrialogische Zwischent\u00f6ne\u201d, Apostle Paul\u2019s Church, Sch\u00f6neberg<\/li>\n<\/ul>\n\n\n\n<h6 class=\"wp-block-heading\">2019<\/h6>\n\n\n\n<ul class=\"wp-block-list\">\n<li>17 November \u2013 \u201cIsrael Sunday\u201d service at the church of the Steglitz Baptist Congregation<\/li>\n\n\n\n<li>2-9 September \u2013 Israel concert tour with 3 performances: 4 Sept. in Arad, 5 Sept. in Kiryat Bialik and 8 Sept. in Petah Tikvah<\/li>\n\n\n\n<li>25 August \u2013 \u201cIsrael Sunday\u201d service at Gethsemane Church<\/li>\n\n\n\n<li>26 May \u2013 Shalom Chor\u2019s 25th anniversary concert with a guest appearance by \u201cThe Three Cantors\u201d, Steglitz<\/li>\n<\/ul>\n\n\n\n<h6 class=\"wp-block-heading\">2018<\/h6>\n\n\n\n<ul class=\"wp-block-list\">\n<li>6 December \u2013 Joint concert in Steglitz with the Neve Shir women\u2019s choir from Tel Aviv<\/li>\n\n\n\n<li>21 October \u2013 \u201cIsrael Sunday\u201d service, Steglitz<\/li>\n\n\n\n<li>13 October \u2013 Concert at the Sch\u00f6neberg neighbourhood community centre, Friedenau<\/li>\n\n\n\n<li>5 March \u2013 Laying of \u201cStolpersteine\u201d in Kassel<\/li>\n\n\n\n<li>4 March \u2013 Concert at the Kassel synagogue<\/li>\n<\/ul>\n\n\n\n<h6 class=\"wp-block-heading\">2017<\/h6>\n\n\n\n<ul class=\"wp-block-list\">\n<li>17 December \u2013 Chanukkah songs and Advent carols at St. Thomas Church, Kreuzberg<\/li>\n\n\n\n<li>16 November \u2013 Singing at the Elsbeth-Seidel-Stift<\/li>\n\n\n\n<li>15 October \u2013 \u201cIsrael Sunday\u201d service, Steglitz<\/li>\n\n\n\n<li>11 June \u2013 Concert at the Spandau Johannesstift together with Kolot Vocal Quintet<\/li>\n\n\n\n<li>1 June \u2013 Stolperstein memorial ceremony at Schlosspark Theatre, Steglitz<\/li>\n\n\n\n<li>27 May \u2013 Church Assembly in Berlin: Concert at the University of the Arts with the Frankfurt Interreligious Choir<\/li>\n\n\n\n<li>22 May \u2013 Concert with the Frankfurt Interreligious Choir at the Frankfurt Jewish Centre (TRINUM project)<\/li>\n\n\n\n<li>12 March \u2013 Sch\u00f6neberg neighbourhood community centre: concert with Daniel Weltlinger (violin) and Janko Lauenberger (guitar)<\/li>\n<\/ul>\n\n\n\n<h6 class=\"wp-block-heading\">2016<\/h6>\n\n\n\n<ul class=\"wp-block-list\">\n<li>14 December \u2013 Advent carols and Chanukkah songs with Sveta Kundish, Caf\u00e9 Haberland, Bayrischer Platz<\/li>\n\n\n\n<li>12 November \u2013 Stolperstein memorial ceremony at St. Matthew\u2019s Church<\/li>\n\n\n\n<li>31 October \u2013 \u201cShalom Kiryat-Bialik\u201d Hakkol Patuach\/Shalom Chor at Zehlendorf Town Hall<\/li>\n\n\n\n<li>11 September \u2013 Radio church service on Deutschland-Radio, St. Mary\u2019s Church<\/li>\n\n\n\n<li>12 July \u2013 Concert at the Nemtsov &amp; Nemtsov gallery<\/li>\n\n\n\n<li>17 April \u2013 \u201cIsrael Sunday\u201d service, Steglitz<\/li>\n\n\n\n<li>20 March \u2013 Sch\u00f6neberg neighbourhood community centre, Friedenau<\/li>\n<\/ul>\n\n\n\n<h6 class=\"wp-block-heading\">2015<\/h6>\n\n\n\n<ul class=\"wp-block-list\">\n<li>24 November \u2013 Concert with the Hebrew Choir Berlin (HCB), Sophienkirche (Mitte)<\/li>\n\n\n\n<li>12 November \u2013 Rabbi Brandt Lecture, Konrad Adenauer Seminar<\/li>\n\n\n\n<li>21 July \u2013 Graduation for five cantors from Abraham Geiger Kolleg; concert at the Nemtsov &amp; Nemtsov gallery, Witzlebenstrasse<\/li>\n\n\n\n<li>9 May \u2013 Night of the Steglitz Choirs at St. Paul\u2019s Church, Hindenburgdamm<\/li>\n\n\n\n<li>6 May \u2013 Ceremony with Israeli guests at Hertha M\u00fcller House, Zehlendorf, celebrating Zehlendorf twin towns Sderot (40 years) and Kiryat Bialik (50 years); first concert with Assaf Levitin as new choir director<\/li>\n\n\n\n<li>22 January \u2013 \u201c27 January Initiative\u201d at the French Church, Friedrichstadt: 70th anniversary of the liberation of Auschwitz concentration camp, last concert under Cantor Nikola David<\/li>\n<\/ul>\n\n\n\n<h6 class=\"wp-block-heading\">2014<\/h6>\n\n\n\n<ul class=\"wp-block-list\">\n<li>3 December \u2013 Chanukkah songs and Advent carols, Caf\u00e9 Haberland<\/li>\n\n\n\n<li>2 November \u2013 20th anniversary of Shalom Chor Berlin \/ 100th performance; anniversary concert in Steglitz followed by reception at the church community centre<\/li>\n\n\n\n<li>19 July \u2013 Inauguration of Cantor Nikola David, Beth Shalom Synagogue, Munich<\/li>\n\n\n\n<li>18 July \u2013 Shabbat service, Beth Shalom Synagogue, Munich<\/li>\n\n\n\n<li>28 January \u2013 Marzahn Ecumenical Forum<\/li>\n<\/ul>\n\n\n\n<h6 class=\"wp-block-heading\">2013<\/h6>\n\n\n\n<ul class=\"wp-block-list\">\n<li>24 November \u2013 Chanukkah celebration at Sch\u00f6neberg neighbourhood community centre<\/li>\n\n\n\n<li>10 November \u2013 Ceremony commemorating the 75th anniversary of the Reich Pogrom Night at the mirror wall in Steglitz, then silent procession to Nazareth House and memorial service at St. Matthew\u2019s Church with Assaf Levitin<\/li>\n\n\n\n<li>10 November \u2013 \u201cIsrael Sunday\u201d service in Steglitz with Assaf Levitin<\/li>\n\n\n\n<li>20 October \u2013 Benefit concert for \u201cServices in Israel\u201d, Berlin-Tempelhof<\/li>\n\n\n\n<li>12 May \u2013 Vienna: Austria-Centre\/ GALA concert of the 1st European Jewish Choir Festival<\/li>\n\n\n\n<li>9 May \u2013 Vienna: Odeon Theatre\/ 1st European Jewish Choir Festival<\/li>\n\n\n\n<li>8 April \u2013 Final concert of the graduates of the Abraham Geiger Kolleg cantorial seminar with Isidoro Abramowicz and Nikola David, Centrum Judaicum<\/li>\n<\/ul>\n\n\n\n<h6 class=\"wp-block-heading\">2012<\/h6>\n\n\n\n<ul class=\"wp-block-list\">\n<li>17 November &#8211; 20th anniversary of the European Centre for Jewish Music in Hanover. Conductor: Andor Izs\u00e1k<\/li>\n\n\n\n<li>4 November \u2013 \u201cIsrael Sunday\u201d service in Steglitz, together with Shalom Chor M\u00f6nchengladbach<\/li>\n\n\n\n<li>18 March \u2013 Matinee concert at St. Martin\u2019s Church, Memmingen<\/li>\n\n\n\n<li>17 March \u2013 Concert at Augsburg Synagogue<\/li>\n\n\n\n<li>16 March \u2013 Shabbat celebration, Augsburg Synagogue<\/li>\n\n\n\n<li>19 February \u2013 \u201cIsrael Sunday\u201d service, Steglitz Baptist Congregation<\/li>\n<\/ul>\n\n\n\n<h6 class=\"wp-block-heading\">2011<\/h6>\n\n\n\n<ul class=\"wp-block-list\">\n<li>28 August \u2013 Israel service at St. Mary\u2019s Church, Berlin-Alexanderplatz (conductor: Joseph Bousso)<\/li>\n\n\n\n<li>26 June \u2013 Israel service, Steglitz Baptist Congregation<\/li>\n\n\n\n<li>29 May \u2013 Sunday matinee concert, old St. Matthew\u2019s cemetery, Sch\u00f6neberg<\/li>\n\n\n\n<li>27 January \u2013 St. Mary\u2019s Church, Alexanderplatz, first concert with Nikola David<\/li>\n\n\n\n<li>23 January \u2013 Opening of the exhibition \u201cWe were neighbours\u201d at Sch\u00f6neberg Town Hall<\/li>\n<\/ul>\n\n\n\n<h6 class=\"wp-block-heading\">2010<\/h6>\n\n\n\n<ul class=\"wp-block-list\">\n<li>14 November \u2013 \u201cIsrael service\u201d, Steglitz Baptist Congregation<\/li>\n\n\n\n<li>4 July \u2013 Philharmonie: concert evening with various choirs<\/li>\n\n\n\n<li>21 June \u2013 F\u00eate de la Musique, St Hedwig\u2019s Cathedral<\/li>\n\n\n\n<li>19 April \u2013 Rykestrasse synagogue: Celebration of Yom Ha\u2019Atzma\u2019ut<\/li>\n\n\n\n<li>23 January \u2013 Mendelssohn-Bartoldy\u2019s ELIJAH, together with Friedenauer Konzertchor, Wittenberg<\/li>\n<\/ul>\n\n\n\n<h6 class=\"wp-block-heading\">2009<\/h6>\n\n\n\n<ul class=\"wp-block-list\">\n<li>15 November \u2013 \u201cIsrael Sunday\u201d service, Steglitz Baptist Congregation, with Isidoro Abramowicz<\/li>\n\n\n\n<li>8 November \u2013 ELIJAH, together with Friedenauer Konzertchor, at the Berlin University of the I<\/li>\n\n\n\n<li>2 November \u2013 ELIJAH, together with Lehrerchor at Konzerthaus Berlin<\/li>\n\n\n\n<li>16 August \u2013 \u201cIsrael Sunday\u201d service, St. Mary\u2019s Church at Alexanderplatz<\/li>\n\n\n\n<li>8 June \u2013 Sderot-Platz: musical accompaniment at the name-giving ceremony for the square in Zehlendorf<\/li>\n\n\n\n<li>7 February \u2013 Musical contribution to a solidarity ceremony with the Israeli town of Sderot, Gutshaus Steglitz<\/li>\n<\/ul>\n\n\n\n<h6 class=\"wp-block-heading\">2008<\/h6>\n\n\n\n<ul class=\"wp-block-list\">\n<li>16 November \u2013 Konzert in Falkensee-Finkenkrug<\/li>\n\n\n\n<li>8 November \u2013 Gedenk-GD in Steglitz zum 70. Jahrestag der Reichspogromnacht, Beginn an der Spiegelwand und Haus Nazareth<\/li>\n\n\n\n<li>7 September \u2013 Israel-Gottesdienst in Konradsh\u00f6he<\/li>\n\n\n\n<li>6 September \u2013 Jesus-Christus-Kirche in Konradsh\u00f6he<\/li>\n\n\n\n<li>27 July \u2013 St. Marienkirche: \u201eSim Schalom \u2013 Gib Frieden\u201c<\/li>\n\n\n\n<li>27 July \u2013 Israel-Gottesdienst in der St. Marienkirche<\/li>\n\n\n\n<li>29 June \u2013 Konzert der DIG, Synagoge Rykestra\u00dfe: \u201eZion Tamati \u2013 Zion, meine Liebe\u201c.<\/li>\n\n\n\n<li>26 June \u2013 Gottesdienst in Steglitz<\/li>\n\n\n\n<li>27 January \u2013 Rathaus Sch\u00f6neberg, Konzert zur Ausstellungs-Er\u00f6ffnung: \u201eWir waren Nachbarn\u201c, Konzert mit der Konzertpianistin Svetlana Stepovaja<\/li>\n<\/ul>\n\n\n\n<h6 class=\"wp-block-heading\">2007<\/h6>\n\n\n\n<ul class=\"wp-block-list\">\n<li>11 November \u2013 Israel-Gottesdienst, Baptisten-Gemeinde Steglitz<\/li>\n\n\n\n<li>28 October \u2013 Wedding: Israel-Gottesdienst in der Baptisten-Gemeinde<\/li>\n\n\n\n<li>2 September \u2013 Steglitz: Mitwirken bei der Pastoreneinf\u00fchrung<\/li>\n\n\n\n<li>24 June \u2013 Steglitz: Konzert \u201eJom Yerushalayim\u201c<\/li>\n\n\n\n<li>28 January \u2013 Rathaus Sch\u00f6neberg, musikalische Gestaltung: \u201eWir waren Nachbarn\u201c<\/li>\n<\/ul>\n\n\n\n<h6 class=\"wp-block-heading\">2006<\/h6>\n\n\n\n<ul class=\"wp-block-list\">\n<li>5 December \u2013 Konzert im \u201eHaus der Lebenshilfe\u201c in Steglitz<\/li>\n\n\n\n<li>12 November \u2013 Israel-Gottesdienst, Baptisten-Gemeinde Steglitz<\/li>\n\n\n\n<li>4 March \u2013 Christlich-J\u00fcdische Gemeinschaftsfeier (Franz\u00f6sischer Dom) 50. Auftritt<\/li>\n<\/ul>\n\n\n\n<h6 class=\"wp-block-heading\">2005<\/h6>\n\n\n\n<ul class=\"wp-block-list\">\n<li>2 November \u2013 Konzert: Dialog der Religionen im Haus der Kulturen der Welt in Berlin<\/li>\n\n\n\n<li>22 May \u2013 Gottesdienst in Hannover \u201e30 Jahre DIENSTE IN ISRAEL\u201c<\/li>\n\n\n\n<li>21 May \u2013 Konzert in Hannover, \u201e30 Jahre DIENSTE IN ISRAEL\u201c<\/li>\n\n\n\n<li>10 April \u2013 Baptisten-Gemeinde Steglitz<\/li>\n<\/ul>\n\n\n\n<h6 class=\"wp-block-heading\">2004<\/h6>\n\n\n\n<ul class=\"wp-block-list\">\n<li>18 November \u2013 Konzert in Potsdam, Erstes Konzert mit Regina Yantian als Dirigentin<\/li>\n\n\n\n<li>29 August \u2013 Konzert in Biesenthal (Abschlussdirigat von Elisabeth Liebig) mit Kantor Isaac Sheffer<\/li>\n\n\n\n<li>19 May \u2013 Konzert in der Synagoge Rykestra\u00dfe, Berlin-Prenzlauer Berg<\/li>\n<\/ul>\n\n\n\n<h6 class=\"wp-block-heading\">2003<\/h6>\n\n\n\n<ul class=\"wp-block-list\">\n<li>14 December \u2013 Chanukkafest in Steglitz, Christl.-J\u00fcd.-Ges. mit Kantor Isaac Sheffer<\/li>\n\n\n\n<li>31 May \u2013 \u00d6kumenischer Kirchentag: Franz\u00f6sische Friedrichstadtkirche am Gendarmenmarkt<\/li>\n\n\n\n<li>29 May \u2013 \u00d6kumenischer Kirchentag: Konzert in Steglitz<\/li>\n\n\n\n<li>13 April \u2013 Konzert in der Synagoge Pestalozzistra\u00dfe<\/li>\n<\/ul>\n\n\n\n<h6 class=\"wp-block-heading\">2002<\/h6>\n\n\n\n<ul class=\"wp-block-list\">\n<li>9 November \u2013 Gedenkveranstaltung in K\u00f6penick<\/li>\n\n\n\n<li>20 October \u2013 Trinitatis-Kirche (Haus der Kirche)<\/li>\n\n\n\n<li>16 October \u2013 Benefizkonzert f\u00fcr die Flutgesch\u00e4digten Menschen in Pirna und K\u00f6nigsstein<\/li>\n\n\n\n<li>14 September \u2013 Kirchengemeinde Konradsh\u00f6he<\/li>\n\n\n\n<li>10 July \u2013 J\u00fcdisches Krankenhaus Berlin<\/li>\n\n\n\n<li>7 March \u2013 Synagoge Rykestra\u00dfe, Berlin-Prenzlauer Berg<\/li>\n<\/ul>\n\n\n\n<h6 class=\"wp-block-heading\">2001<\/h6>\n\n\n\n<ul class=\"wp-block-list\">\n<li>7 October \u2013 Israel-Gottesdienst, Baptisten-Gemeinde Steglitz<\/li>\n\n\n\n<li>3 May \u2013 Dom zu Berlin, Gedenkkonzert f\u00fcr Estrongo Nachama s. A.<\/li>\n\n\n\n<li>24 March \u2013 Chagall-Ausstellung, Baptisten-Gemeinde Steglitz<\/li>\n<\/ul>\n\n\n\n<h6 class=\"wp-block-heading\">2000<\/h6>\n\n\n\n<ul class=\"wp-block-list\">\n<li>3 July \u2013 Benefizkonzert f\u00fcr Folteropfer, Barmer Ersatzkasse Berlin, Erstes Konzert mit Kantorin Avitall Gerstetter und Alexander Nachama<\/li>\n\n\n\n<li>8 April \u2013 Evangelisch-Freikirchliche Gemeinde Potsdam<\/li>\n\n\n\n<li>20 February \u2013 Synagoge Pestalozzistr.: Gedenkfeier f\u00fcr Estrongo Nachama s. A.<\/li>\n\n\n\n<li>20 February \u2013 Bethel-Gemeinde, Berlin-Lichterfelde<\/li>\n\n\n\n<li>27 January \u2013 Jahrestag der Befreiung von Auschwitz. Benefizkonzert f\u00fcr \u201eDienste in Israel\u201c in der Bapt.-Gem.- Steglitz<\/li>\n<\/ul>\n\n\n\n<h6 class=\"wp-block-heading\">1999<\/h6>\n\n\n\n<ul class=\"wp-block-list\">\n<li>5 December \u2013 Forum des Nieders\u00e4chsischen Landesmuseums, Hannover.<\/li>\n\n\n\n<li>21 November \u2013 Konzerthaus Gendarmenmarkt, Berlin 25. Auftritt<\/li>\n\n\n\n<li>17 October \u2013 Evangelisch-Freikirchliche Gemeinde Sch\u00f6neberg<\/li>\n<\/ul>\n\n\n\n<h6 class=\"wp-block-heading\">1998<\/h6>\n\n\n\n<ul class=\"wp-block-list\">\n<li>5 December \u2013 Evangelisch-Freikirchliche Gemeinde Charlottenburg<\/li>\n\n\n\n<li>5 July \u2013 Dresden, Benefizkonzert f\u00fcr die neue Synagoge<\/li>\n\n\n\n<li>10 May \u2013 Erl\u00f6serkirche in Jerusalem, musikalische Gestaltung des Gottesdienstes. Dazu singen im Kibbuz am Tag \u201eLag ba Omer\u201c u. in der Ev. Luth. Reformgemeinde Beit Jala<\/li>\n\n\n\n<li>26 April \u2013 Dom zu Berlin (Erster Auftritt unter dem Namen: Shalom Chor Berlin)<\/li>\n<\/ul>\n\n\n\n<h6 class=\"wp-block-heading\">1997<\/h6>\n\n\n\n<ul class=\"wp-block-list\">\n<li>16 November \u2013 J\u00fcdische Kulturtage in Berlin<\/li>\n\n\n\n<li>8 November \u2013 Auenkirche in Berlin<\/li>\n\n\n\n<li>19 October \u2013 Israel-Gottesdienst in Steglitz<\/li>\n\n\n\n<li>28 September \u2013 Berlin-Biesdorf<\/li>\n\n\n\n<li>20 April \u2013 Dom zu Berlin<\/li>\n\n\n\n<li>5 March \u2013 Baptisten-Gemeinde Steglitz, im Rahmen der Woche der Br\u00fcderlichkeit. \u201eMiteinander leben \u2013 voneinander lernen\u201c<\/li>\n\n\n\n<li>2 March \u2013 St. Blasiuskirche in Hannoversch-M\u00fcnden<\/li>\n\n\n\n<li>12 January \u2013 Marktkirche in Hannover<\/li>\n<\/ul>\n\n\n\n<h6 class=\"wp-block-heading\">1996<\/h6>\n\n\n\n<ul class=\"wp-block-list\">\n<li>20 October \u2013 Israel-Gottesdienst in Steglitz<\/li>\n\n\n\n<li>16 June \u2013 Predigerkirche in Erfurt<\/li>\n\n\n\n<li>28 April \u2013 Uni-H\u00f6rsaal G\u00f6ttingen<\/li>\n\n\n\n<li>30 March \u2013 Haus der Kirche<\/li>\n<\/ul>\n\n\n\n<h6 class=\"wp-block-heading\">1995<\/h6>\n\n\n\n<ul class=\"wp-block-list\">\n<li>22 November \u2013 Stephanuskirche Wedding, im Rahmen der Weddinger Kirchenmusiktage<\/li>\n\n\n\n<li>22 October \u2013 Evangelisch-Freikirchliche Gemeinde Baptisten-Sch\u00f6neberg, mit der GCJZ<\/li>\n\n\n\n<li>11 June \u2013 Bethel-Jahresfest, Clayallee (Dirigat: Gisela Hoffmann)<\/li>\n\n\n\n<li>6 June \u2013 Berlin-Lichtenberg<\/li>\n\n\n\n<li>21 March \u2013 Zusatz-Konzert f\u00fcr die Theater-Gemeinde in der Baptisten-Gemeinde Steglitz<\/li>\n\n\n\n<li>19 March \u2013 Konzert f\u00fcr die Theater-Gemeinde in der Baptisten-Gemeinde Steglitz<\/li>\n<\/ul>\n","protected":false},"excerpt":{"rendered":"<p>Archive 2024 2023 2022 2021 2020 2019 2018 2017 2016 2015 2014 2013 2012 2011 2010 2009 2008 2007 2006 2005 2004 2003 2002 2001<\/p>\n","protected":false},"author":1,"featured_media":0,"parent":0,"menu_order":0,"comment_status":"closed","ping_status":"closed","template":"","meta":{"footnotes":""},"class_list":["post-39","page","type-page","status-publish","hentry"],"_links":{"self":[{"href":"https:\/\/www.shalom-chor-berlin.de\/en\/wp-json\/wp\/v2\/pages\/39","targetHints":{"allow":["GET"]}}],"collection":[{"href":"https:\/\/www.shalom-chor-berlin.de\/en\/wp-json\/wp\/v2\/pages"}],"about":[{"href":"https:\/\/www.shalom-chor-berlin.de\/en\/wp-json\/wp\/v2\/types\/page"}],"author":[{"embeddable":true,"href":"https:\/\/www.shalom-chor-berlin.de\/en\/wp-json\/wp\/v2\/users\/1"}],"replies":[{"embeddable":true,"href":"https:\/\/www.shalom-chor-berlin.de\/en\/wp-json\/wp\/v2\/comments?post=39"}],"version-history":[{"count":97,"href":"https:\/\/www.shalom-chor-berlin.de\/en\/wp-json\/wp\/v2\/pages\/39\/revisions"}],"predecessor-version":[{"id":532,"href":"https:\/\/www.shalom-chor-berlin.de\/en\/wp-json\/wp\/v2\/pages\/39\/revisions\/532"}],"wp:attachment":[{"href":"https:\/\/www.shalom-chor-berlin.de\/en\/wp-json\/wp\/v2\/media?parent=39"}],"curies":[{"name":"wp","href":"https:\/\/api.w.org\/{rel}","templated":true}]}}